{"id":12130,"date":"2025-05-02T08:59:30","date_gmt":"2025-05-02T08:59:30","guid":{"rendered":"https:\/\/demo.astrocables.com\/?page_id=12130"},"modified":"2026-02-16T06:56:16","modified_gmt":"2026-02-16T06:56:16","slug":"faq","status":"publish","type":"page","link":"https:\/\/demo.astrocables.com\/fr\/faq\/","title":{"rendered":"FAQ"},"content":{"rendered":"<div data-elementor-type=\"wp-page\" data-elementor-id=\"12130\" class=\"elementor elementor-12130\">\n\t\t\t\t        <section class=\"elementor-section elementor-top-section elementor-element elementor-element-f93a43f elementor-section-height-min-height elementor-section-items-bottom elementor-section-boxed elementor-section-height-default pxl-type-header-none pxl-row-scroll-none pxl-bg-color-none pxl-section-overlay-none wpr-particle-no wpr-jarallax-no wpr-parallax-no wpr-sticky-section-no\" data-id=\"f93a43f\" data-element_type=\"section\" data-settings=\"{&quot;background_background&quot;:&quot;classic&quot;}\">\n\n                            <div class=\"elementor-background-overlay\"><\/div>\n            \n                <div class=\"elementor-container elementor-column-gap-default\">\n                <div class=\"elementor-column elementor-col-100 elementor-top-column elementor-element elementor-element-4643a32 pxl-col-none pxl-column-none\" data-id=\"4643a32\" data-element_type=\"column\">\r\n        <div class=\"elementor-widget-wrap\">\r\n                     \r\n                    <\/div>\r\n        <\/div>\r\n        \t\t\t<\/div>\n\t\t<\/section>\n\t\t        <section class=\"elementor-section elementor-top-section elementor-element elementor-element-9b64808 elementor-section-boxed elementor-section-height-default elementor-section-height-default pxl-type-header-none pxl-row-scroll-none pxl-bg-color-none pxl-section-overlay-none wpr-particle-no wpr-jarallax-no wpr-parallax-no wpr-sticky-section-no\" data-id=\"9b64808\" data-element_type=\"section\">\n\n                \n                <div class=\"elementor-container elementor-column-gap-default\">\n                <div class=\"elementor-column elementor-col-50 elementor-top-column elementor-element elementor-element-5470e51 pxl-col-none pxl-column-none\" data-id=\"5470e51\" data-element_type=\"column\">\r\n        <div class=\"elementor-widget-wrap elementor-element-populated\">\r\n                     \r\n        \t\t<div class=\"elementor-element elementor-element-6e6dff4 elementor-widget-tablet__width-initial ekit-equal-height-enable elementor-widget elementor-widget-elementskit-icon-box\" data-id=\"6e6dff4\" data-element_type=\"widget\" data-widget_type=\"elementskit-icon-box.default\">\n\t\t\t\t\t<div class=\"ekit-wid-con\" >        <!-- link opening -->\n                <!-- end link opening -->\n\n        <div class=\"elementskit-infobox text-center text- icon-lef-right-aligin elementor-animation-\">\n                        <div class=\"box-body\">\n                            <h3 class=\"elementskit-info-box-title\">\n                    Questions fr\u00e9quemment pos\u00e9es                <\/h3>\n                                            <\/div>\n        \n        \n                <\/div>\n        <\/div>\t\t\t\t<\/div>\n\t\t            <\/div>\r\n        <\/div>\r\n                <div class=\"elementor-column elementor-col-50 elementor-top-column elementor-element elementor-element-178d6e5 elementor-hidden-tablet pxl-col-none pxl-column-none\" data-id=\"178d6e5\" data-element_type=\"column\">\r\n        <div class=\"elementor-widget-wrap\">\r\n                     \r\n                    <\/div>\r\n        <\/div>\r\n        \t\t\t<\/div>\n\t\t<\/section>\n\t\t        <section class=\"elementor-section elementor-top-section elementor-element elementor-element-0970999 elementor-section-boxed elementor-section-height-default elementor-section-height-default pxl-type-header-none pxl-row-scroll-none pxl-bg-color-none pxl-section-overlay-none wpr-particle-no wpr-jarallax-no wpr-parallax-no wpr-sticky-section-no\" data-id=\"0970999\" data-element_type=\"section\">\n\n                \n                <div class=\"elementor-container elementor-column-gap-no\">\n                <div class=\"elementor-column elementor-col-100 elementor-top-column elementor-element elementor-element-ecc2968 pxl-col-none pxl-column-none\" data-id=\"ecc2968\" data-element_type=\"column\">\r\n        <div class=\"elementor-widget-wrap elementor-element-populated\">\r\n                     \r\n                <section class=\"elementor-section elementor-inner-section elementor-element elementor-element-7bc8549 elementor-section-boxed elementor-section-height-default elementor-section-height-default pxl-type-header-none pxl-row-scroll-none pxl-bg-color-none pxl-section-overlay-none wpr-particle-no wpr-jarallax-no wpr-parallax-no wpr-sticky-section-no\" data-id=\"7bc8549\" data-element_type=\"section\">\n\n                \n                <div class=\"elementor-container elementor-column-gap-default\">\n                <div class=\"elementor-column elementor-col-50 elementor-inner-column elementor-element elementor-element-6ad2376 pxl-col-none pxl-column-none\" data-id=\"6ad2376\" data-element_type=\"column\">\r\n        <div class=\"elementor-widget-wrap elementor-element-populated\">\r\n                     \r\n        \t\t<div class=\"elementor-element elementor-element-957ee29 elementor-widget elementor-widget-heading\" data-id=\"957ee29\" data-element_type=\"widget\" data-widget_type=\"heading.default\">\n\t\t\t\t<div class=\"elementor-widget-container\">\n\t\t\t\t\t<div id=\"pxl-heading-957ee29-5015\" class=\"pxl-heading typewriter-color\">\n\t<div class=\"pxl-heading--inner\">\n\t\t\n\t\t\t\t\t<h1 class=\"pxl-item--title  highlight-default\" data-wow-delay=\"ms\">\n\t\t\t\tFAQ\t\t\n\t\t\t<\/h1>\n\t\t\n\t\t\t<\/div>\n<\/div>\t\t\t\t<\/div>\n\t\t\t\t<\/div>\n\t\t\t\t<div class=\"elementor-element elementor-element-a63353b elementor-widget-divider--view-line elementor-widget elementor-widget-divider\" data-id=\"a63353b\" data-element_type=\"widget\" data-widget_type=\"divider.default\">\n\t\t\t\t\t\t\t<div class=\"elementor-divider\">\n\t\t\t<span class=\"elementor-divider-separator\">\n\t\t\t\t\t\t<\/span>\n\t\t<\/div>\n\t\t\t\t\t\t<\/div>\n\t\t\t\t<div class=\"elementor-element elementor-element-8060d52 elementor-widget__width-initial elementor-widget elementor-widget-accordion\" data-id=\"8060d52\" data-element_type=\"widget\" data-widget_type=\"accordion.default\">\n\t\t\t\t<div class=\"elementor-widget-container\">\n\t\t\t\t\t    <div class=\"pxl-accordion pxl-accordion1 style6\" data-wow-delay=\"ms\">\r\n                    <div class=\"pxl--item active\">\r\n                <h3 class=\"pxl-item--title\" data-target=\"#accordion-8060d52-6050-da8bf46\">\r\n                                        <span class=\"pxl-title--text\">Quels types de c\u00e2bles Astro Power Cables fabrique-t-il ?<\/span>\r\n                    <i class=\"pxl-icon--plus\"><\/i>\r\n                <\/h3>\r\n                <div id=\"accordion-8060d52-6050-da8bf46\" class=\"pxl-item--content\" style=\"display: block;\">Nous fabriquons une large gamme de c\u00e2bles en cuivre et en aluminium, notamment des c\u00e2bles basse tension, moyenne tension, des c\u00e2bles a\u00e9riens en faisceau (EAXT) et des solutions personnalis\u00e9es pour les applications r\u00e9sidentielles, industrielles et d'infrastructure.<\/div>\r\n            <\/div>\r\n                    <div class=\"pxl--item\">\r\n                <h3 class=\"pxl-item--title\" data-target=\"#accordion-8060d52-6050-2ab02e0\">\r\n                                        <span class=\"pxl-title--text\">Les produits Astro Power Cables sont-ils certifi\u00e9s ?<\/span>\r\n                    <i class=\"pxl-icon--plus\"><\/i>\r\n                <\/h3>\r\n                <div id=\"accordion-8060d52-6050-2ab02e0\" class=\"pxl-item--content\" >Oui, nos c\u00e2bles sont test\u00e9s et certifi\u00e9s conform\u00e9ment aux normes internationales telles que IEC et ISO 9001, ce qui garantit les plus hauts niveaux de qualit\u00e9, de s\u00e9curit\u00e9 et de performance.<\/div>\r\n            <\/div>\r\n                    <div class=\"pxl--item\">\r\n                <h3 class=\"pxl-item--title\" data-target=\"#accordion-8060d52-6050-f369920\">\r\n                                        <span class=\"pxl-title--text\">Proposez-vous des solutions de c\u00e2blage personnalis\u00e9es ?<\/span>\r\n                    <i class=\"pxl-icon--plus\"><\/i>\r\n                <\/h3>\r\n                <div id=\"accordion-8060d52-6050-f369920\" class=\"pxl-item--content\" >Absolument. Nous travaillons en \u00e9troite collaboration avec nos clients pour concevoir et fabriquer des solutions de c\u00e2blage adapt\u00e9es aux exigences et aux applications sp\u00e9cifiques des projets.<\/div>\r\n            <\/div>\r\n                    <div class=\"pxl--item\">\r\n                <h3 class=\"pxl-item--title\" data-target=\"#accordion-8060d52-6050-9f3c57a\">\r\n                                        <span class=\"pxl-title--text\">Dans quelles r\u00e9gions Astro Power Cables op\u00e8re-t-elle ?<\/span>\r\n                    <i class=\"pxl-icon--plus\"><\/i>\r\n                <\/h3>\r\n                <div id=\"accordion-8060d52-6050-9f3c57a\" class=\"pxl-item--content\" >Astro Power Cables fournit des produits \u00e0 travers le Liban, le Moyen-Orient et l'Afrique, desservant un large \u00e9ventail de secteurs, y compris les secteurs r\u00e9sidentiel, commercial, industriel et des services publics.<\/div>\r\n            <\/div>\r\n                    <div class=\"pxl--item\">\r\n                <h3 class=\"pxl-item--title\" data-target=\"#accordion-8060d52-6050-e094f28\">\r\n                                        <span class=\"pxl-title--text\">Comment puis-je demander un devis ou une assistance technique ?<\/span>\r\n                    <i class=\"pxl-icon--plus\"><\/i>\r\n                <\/h3>\r\n                <div id=\"accordion-8060d52-6050-e094f28\" class=\"pxl-item--content\" >Vous pouvez contacter notre \u00e9quipe de vente directement sur la page Contactez-nous ou nous appeler au +961 71 271 075. Notre \u00e9quipe est pr\u00eate \u00e0 vous aider \u00e0 s\u00e9lectionner les produits, \u00e0 fixer les prix et \u00e0 r\u00e9pondre aux questions techniques.<\/div>\r\n            <\/div>\r\n                    <div class=\"pxl--item\">\r\n                <h3 class=\"pxl-item--title\" data-target=\"#accordion-8060d52-6050-d4abc95\">\r\n                                        <span class=\"pxl-title--text\">Quels sont les avantages de l'utilisation des c\u00e2bles a\u00e9riens group\u00e9s (EAXT) ?<\/span>\r\n                    <i class=\"pxl-icon--plus\"><\/i>\r\n                <\/h3>\r\n                <div id=\"accordion-8060d52-6050-d4abc95\" class=\"pxl-item--content\" >Les c\u00e2bles a\u00e9riens en faisceau offrent une plus grande s\u00e9curit\u00e9, une r\u00e9duction des pertes d'\u00e9nergie, des co\u00fbts de maintenance moindres et une meilleure r\u00e9sistance aux conditions environnementales par rapport aux conducteurs nus traditionnels.<\/div>\r\n            <\/div>\r\n                    <div class=\"pxl--item\">\r\n                <h3 class=\"pxl-item--title\" data-target=\"#accordion-8060d52-6050-c5e4a1e\">\r\n                                        <span class=\"pxl-title--text\">Quelles mesures de contr\u00f4le de la qualit\u00e9 appliquez-vous pendant la production ?<\/span>\r\n                    <i class=\"pxl-icon--plus\"><\/i>\r\n                <\/h3>\r\n                <div id=\"accordion-8060d52-6050-c5e4a1e\" class=\"pxl-item--content\" >Nos c\u00e2bles sont soumis \u00e0 des tests rigoureux tout au long du processus de production, y compris des tests m\u00e9caniques, \u00e9lectriques et environnementaux, afin de garantir la conformit\u00e9 aux normes internationales et de respecter notre engagement en mati\u00e8re d'excellence.<\/div>\r\n            <\/div>\r\n            <\/div>\r\n\t\t\t\t<\/div>\n\t\t\t\t<\/div>\n\t\t            <\/div>\r\n        <\/div>\r\n                <div class=\"elementor-column elementor-col-50 elementor-inner-column elementor-element elementor-element-e87c600 elementor-hidden-mobile pxl-col-none pxl-column-none\" data-id=\"e87c600\" data-element_type=\"column\">\r\n        <div class=\"elementor-widget-wrap elementor-element-populated\">\r\n                     \r\n        \t\t<div class=\"elementor-element elementor-element-3a1cc0a elementor-widget__width-initial elementor-widget elementor-widget-image\" data-id=\"3a1cc0a\" data-element_type=\"widget\" data-widget_type=\"image.default\">\n\t\t\t\t\t\t\t\t\t\t\t\t\t\t\t<img decoding=\"async\" src=\"https:\/\/demo.astrocables.com\/wp-content\/uploads\/2025\/12\/astro-power-cables-copper-wire-extrusion-process.webp\" title=\"astro-power-cables-copper-wire-extrusion-process\" alt=\"Copper wire undergoing extrusion process at Astro Cables.\" loading=\"lazy\" \/>\t\t\t\t\t\t\t\t\t\t\t\t\t\t\t<\/div>\n\t\t            <\/div>\r\n        <\/div>\r\n        \t\t\t<\/div>\n\t\t<\/section>\n\t\t            <\/div>\r\n        <\/div>\r\n        \t\t\t<\/div>\n\t\t<\/section>\n\t\t        <section class=\"elementor-section elementor-top-section elementor-element elementor-element-7988f9f elementor-section-height-min-height elementor-section-boxed elementor-section-height-default elementor-section-items-middle pxl-type-header-none pxl-row-scroll-none pxl-bg-color-none pxl-section-overlay-none wpr-particle-no wpr-jarallax-no wpr-parallax-no wpr-sticky-section-no\" data-id=\"7988f9f\" data-element_type=\"section\" data-settings=\"{&quot;background_background&quot;:&quot;classic&quot;}\">\n\n                            <div class=\"elementor-background-overlay\"><\/div>\n            \n                <div class=\"elementor-container elementor-column-gap-default\">\n                <div class=\"elementor-column elementor-col-100 elementor-top-column elementor-element elementor-element-40f9b50 pxl-col-none pxl-column-none\" data-id=\"40f9b50\" data-element_type=\"column\">\r\n        <div class=\"elementor-widget-wrap elementor-element-populated\">\r\n                     \r\n        \t\t<div class=\"elementor-element elementor-element-c1c8e5f elementor-widget elementor-widget-heading\" data-id=\"c1c8e5f\" data-element_type=\"widget\" data-widget_type=\"heading.default\">\n\t\t\t\t<div class=\"elementor-widget-container\">\n\t\t\t\t\t<div id=\"pxl-heading-c1c8e5f-7585\" class=\"pxl-heading typewriter-color\">\n\t<div class=\"pxl-heading--inner\">\n\t\t\n\t\t\t\t\t<h3 class=\"pxl-item--title  highlight-default\" data-wow-delay=\"ms\">\n\t\t\t\tPour toute question suppl\u00e9mentaire, n'h\u00e9sitez pas \u00e0 nous contacter directement.\t\t\n\t\t\t<\/h3>\n\t\t\n\t\t\t<\/div>\n<\/div>\t\t\t\t<\/div>\n\t\t\t\t<\/div>\n\t\t\t\t<div class=\"elementor-element elementor-element-3572036 elementor-widget-divider--view-line elementor-widget elementor-widget-divider\" data-id=\"3572036\" data-element_type=\"widget\" data-widget_type=\"divider.default\">\n\t\t\t\t\t\t\t<div class=\"elementor-divider\">\n\t\t\t<span class=\"elementor-divider-separator\">\n\t\t\t\t\t\t<\/span>\n\t\t<\/div>\n\t\t\t\t\t\t<\/div>\n\t\t            <\/div>\r\n        <\/div>\r\n        \t\t\t<\/div>\n\t\t<\/section>\n\t\t        <section class=\"elementor-section elementor-top-section elementor-element elementor-element-bb9ea2b elementor-section-boxed elementor-section-height-default elementor-section-height-default pxl-type-header-none pxl-row-scroll-none pxl-bg-color-none pxl-section-overlay-none wpr-particle-no wpr-jarallax-no wpr-parallax-no wpr-sticky-section-no\" data-id=\"bb9ea2b\" data-element_type=\"section\" data-settings=\"{&quot;background_background&quot;:&quot;classic&quot;}\">\n\n                \n                <div class=\"elementor-container elementor-column-gap-default\">\n                <div class=\"elementor-column elementor-col-100 elementor-top-column elementor-element elementor-element-daa5c76 pxl-col-none pxl-column-none\" data-id=\"daa5c76\" data-element_type=\"column\">\r\n        <div class=\"elementor-widget-wrap elementor-element-populated\">\r\n                     \r\n                <section class=\"elementor-section elementor-inner-section elementor-element elementor-element-8dd673d elementor-section-boxed elementor-section-height-default elementor-section-height-default pxl-type-header-none pxl-row-scroll-none pxl-bg-color-none pxl-section-overlay-none wpr-particle-no wpr-jarallax-no wpr-parallax-no wpr-sticky-section-no\" data-id=\"8dd673d\" data-element_type=\"section\" data-settings=\"{&quot;background_background&quot;:&quot;classic&quot;}\">\n\n                \n                <div class=\"elementor-container elementor-column-gap-default\">\n                <div class=\"elementor-column elementor-col-100 elementor-inner-column elementor-element elementor-element-b5b9e7c pxl-col-none pxl-column-none\" data-id=\"b5b9e7c\" data-element_type=\"column\">\r\n        <div class=\"elementor-widget-wrap elementor-element-populated\">\r\n                     \r\n        \t\t<div class=\"elementor-element elementor-element-b911ab0 elementor-widget elementor-widget-heading\" data-id=\"b911ab0\" data-element_type=\"widget\" data-widget_type=\"heading.default\">\n\t\t\t\t<div class=\"elementor-widget-container\">\n\t\t\t\t\t<div id=\"pxl-heading-b911ab0-7242\" class=\"pxl-heading typewriter-color\">\n\t<div class=\"pxl-heading--inner\">\n\t\t\n\t\t\t\t\t<h2 class=\"pxl-item--title  highlight-default\" data-wow-delay=\"ms\">\n\t\t\t\tVous avez une question ? Nous sommes l\u00e0 pour vous aider !\t\t\n\t\t\t<\/h2>\n\t\t\n\t\t\t<\/div>\n<\/div>\t\t\t\t<\/div>\n\t\t\t\t<\/div>\n\t\t\t\t<div class=\"elementor-element elementor-element-b549cb7 elementor-widget-divider--view-line elementor-widget elementor-widget-divider\" data-id=\"b549cb7\" data-element_type=\"widget\" data-widget_type=\"divider.default\">\n\t\t\t\t\t\t\t<div class=\"elementor-divider\">\n\t\t\t<span class=\"elementor-divider-separator\">\n\t\t\t\t\t\t<\/span>\n\t\t<\/div>\n\t\t\t\t\t\t<\/div>\n\t\t\t\t<div class=\"elementor-element elementor-element-ede3a1c elementor-widget elementor-widget-text-editor\" data-id=\"ede3a1c\" data-element_type=\"widget\" data-widget_type=\"text-editor.default\">\n\t\t\t\t\t\t\t\t\t<p>Vous avez encore besoin d'aide ? Remplissez le formulaire ci-dessous et notre \u00e9quipe vous r\u00e9pondra rapidement avec les informations dont vous avez besoin.<\/p>\t\t\t\t\t\t\t\t<\/div>\n\t\t\t\t<div class=\"elementor-element elementor-element-c8fa432 wpr-step-type-number_text wpr-step-content-layout-vertical wpr-custom-styles-yes elementor-widget elementor-widget-wpr-form-builder\" data-id=\"c8fa432\" data-element_type=\"widget\" data-settings=\"{&quot;success_message&quot;:&quot;Submission successful&quot;,&quot;error_message&quot;:&quot;Submission failed&quot;,&quot;button_width&quot;:{&quot;unit&quot;:&quot;%&quot;,&quot;size&quot;:100,&quot;sizes&quot;:[]},&quot;button_width_tablet&quot;:{&quot;unit&quot;:&quot;px&quot;,&quot;size&quot;:&quot;&quot;,&quot;sizes&quot;:[]},&quot;button_width_mobile&quot;:{&quot;unit&quot;:&quot;px&quot;,&quot;size&quot;:&quot;&quot;,&quot;sizes&quot;:[]},&quot;step_type&quot;:&quot;number_text&quot;,&quot;step_content_layout&quot;:&quot;vertical&quot;}\" data-widget_type=\"wpr-form-builder.default\">\n\t\t\t\t\t\t\t<form class=\"wpr-form\" method=\"post\" name=\"New Form\" page=\"FAQ\" page_id=\"12130\" novalidate action=\"\">\n\t\t\t<input type=\"hidden\" name=\"post_id\" value=\"12130\"\/>\n\t\t\t<input type=\"hidden\" name=\"form_id\" value=\"c8fa432\"\/>\n\t\t\t<input type=\"hidden\" name=\"referer_title\" value=\"\" \/>\n\n\t\t\t<div class=\"wpr-step-wrap\"><\/div>\n\t\t\t<div class=\"wpr-form-fields-wrap wpr-labels-above\">\n\t\t\t\t\t\t\t\t\t<div class=\"wpr-form-field-type-email wpr-field-group wpr-column wpr-field-group-f7bddbf elementor-repeater-item-f7bddbf wpr-form-field-required wpr-required-mark\">\n\t\t\t\t\t\t\t\t\t\t\t\t\t\t<label for=\"form-field-f7bddbf\" class=\"wpr-form-field-label\">\n\t\t\t\t\t\t\t\t\tCourriel\t\t\t\t\t\t\t\t<\/label>\n\t\t\t\t\t\t\t<input size=\"1 \"type=\"email\" name=\"form_fields[f7bddbf]\" id=\"form-field-f7bddbf\" class=\"wpr-form-field  wpr-form-field-textual\" required=\"required\" aria-required=\"true\">\t\t\t\t\t<\/div>\n\t\t\t\t\t\t\t\t\t<div class=\"wpr-form-field-type-textarea wpr-field-group wpr-column wpr-field-group-message elementor-repeater-item-8f8abb8 wpr-form-field-required wpr-required-mark\">\n\t\t\t\t\t\t\t\t\t\t\t\t\t\t<label for=\"form-field-message\" class=\"wpr-form-field-label\">\n\t\t\t\t\t\t\t\t\tMessage\t\t\t\t\t\t\t\t<\/label>\n\t\t\t\t\t\t\t<textarea class=\"wpr-form-field-textual wpr-form-field\" name=\"form_fields[message]\" id=\"form-field-message\" rows=\"7\" placeholder=\"Message\" required=\"required\" aria-required=\"true\"><\/textarea>\t\t\t\t\t<\/div>\n\t\t\t\t<div class=\"wpr-field-group wpr-stp-btns-wrap wpr-column wpr-form-field-type-submit\" data-actions=\"[&quot;email&quot;]\" data-redirect-url=\"\" data-mailchimp-fields=\"{&quot;email_field&quot;:&quot;&quot;,&quot;first_name_field&quot;:&quot;&quot;,&quot;last_name_field&quot;:&quot;&quot;,&quot;address_field&quot;:&quot;&quot;,&quot;phone_field&quot;:&quot;&quot;,&quot;birthday_field&quot;:&quot;&quot;,&quot;group_id&quot;:&quot;&quot;}\" data-list-id=\"\">\t\t\t<button type=\"submit\" class=\"wpr-button\">\n\t\t\t\t<span >\n\t\t\t\t\t\t\t\t\t\t\t\t\t\t\t\t<span>Soumettre<\/span>\n\t\t\t\t\t\t\t\t\t\t\t\t\t\t<\/span>\t\n\t\t\t\t<div class=\"wpr-double-bounce wpr-loader-hidden\">\n\t\t\t\t\t<div class=\"wpr-child wpr-double-bounce1\"><\/div>\n\t\t\t\t\t<div class=\"wpr-child wpr-double-bounce2\"><\/div>\n\t\t\t\t<\/div>\n\t\t\t<\/button>\n\t\t<\/div>\t\t\t\t\n\t\t\t<\/div>\n\t\t<input type=\"hidden\" name=\"trp-form-language\" value=\"fr\"\/><\/form>\n\t  \t\t\t\t<\/div>\n\t\t            <\/div>\r\n        <\/div>\r\n        \t\t\t<\/div>\n\t\t<\/section>\n\t\t            <\/div>\r\n        <\/div>\r\n        \t\t\t<\/div>\n\t\t<\/section>\n\t\t\t\t<\/div>","protected":false},"excerpt":{"rendered":"<p>Frequently Asked Questions FAQ What types of cables does Astro Power Cables manufacture? We manufacture a wide range of copper and aluminum cables, including low voltage, medium voltage, overhead bundled cables (EAXT), and customized solutions for residential, industrial, and infrastructure applications. Are Astro Power Cables products certified? Yes, our cables are tested and certified according to international standards such as IEC and ISO 9001, ensuring the highest levels of quality, safety, and performance. Do you provide customized cable solutions? Absolutely. We work closely with our clients to design and manufacture cable solutions tailored to specific project requirements and applications. In which regions does Astro Power Cables operate? Astro Power Cables supplies products across Lebanon, the Middle East, and Africa, serving a wide range of sectors including residential, commercial, industrial, and utility sectors. How can I request a quote or technical support? You can contact our sales team directly through the Contact Us page or call us at +961 71 271 075. Our team is ready to assist you with product selection, pricing, and technical inquiries. What are the advantages of using Aerial Bundled Cables (EAXT)? Aerial Bundled Cables offer higher safety, reduced energy loss, lower maintenance costs, and better resistance to environmental conditions compared to traditional bare conductors. What quality control measures do you apply during production? Our cables undergo rigorous testing throughout the production process, including mechanical, electrical, and environmental tests, to ensure compliance with international standards and to meet our commitment to excellence. For any additional inquiries, feel free to contact us directly. Have a Question? We&#8217;re Here to Help! Still need help? Fill out the form below and our team will get back to you shortly with the information you need. Email Message Submit<\/p>","protected":false},"author":2,"featured_media":0,"parent":0,"menu_order":0,"comment_status":"closed","ping_status":"closed","template":"","meta":{"inline_featured_image":false,"footnotes":""},"class_list":["post-12130","page","type-page","status-publish","hentry"],"aioseo_notices":[],"_links":{"self":[{"href":"https:\/\/demo.astrocables.com\/fr\/wp-json\/wp\/v2\/pages\/12130","targetHints":{"allow":["GET"]}}],"collection":[{"href":"https:\/\/demo.astrocables.com\/fr\/wp-json\/wp\/v2\/pages"}],"about":[{"href":"https:\/\/demo.astrocables.com\/fr\/wp-json\/wp\/v2\/types\/page"}],"author":[{"embeddable":true,"href":"https:\/\/demo.astrocables.com\/fr\/wp-json\/wp\/v2\/users\/2"}],"replies":[{"embeddable":true,"href":"https:\/\/demo.astrocables.com\/fr\/wp-json\/wp\/v2\/comments?post=12130"}],"version-history":[{"count":4,"href":"https:\/\/demo.astrocables.com\/fr\/wp-json\/wp\/v2\/pages\/12130\/revisions"}],"predecessor-version":[{"id":16319,"href":"https:\/\/demo.astrocables.com\/fr\/wp-json\/wp\/v2\/pages\/12130\/revisions\/16319"}],"wp:attachment":[{"href":"https:\/\/demo.astrocables.com\/fr\/wp-json\/wp\/v2\/media?parent=12130"}],"curies":[{"name":"wp","href":"https:\/\/api.w.org\/{rel}","templated":true}]}}